{"id":335501,"date":"2021-10-12T12:44:25","date_gmt":"2021-10-12T17:44:25","guid":{"rendered":"https:\/\/ricarte.mx\/inicio\/?page_id=335501"},"modified":"2022-10-31T19:44:53","modified_gmt":"2022-11-01T01:44:53","slug":"clientes-activos","status":"publish","type":"page","link":"https:\/\/ricarte.mx\/inicio\/clientes-activos\/","title":{"rendered":"CLIENTES ACTIVOS"},"content":{"rendered":"<p>[et_pb_section fb_built=\u00bb1&#8243; _builder_version=\u00bb4.16&#8243; _module_preset=\u00bbdefault\u00bb custom_padding=\u00bb0px||0px||true|\u00bb global_colors_info=\u00bb{}\u00bb][et_pb_row column_structure=\u00bb1_2,1_2&#8243; use_custom_gutter=\u00bbon\u00bb gutter_width=\u00bb1&#8243; make_equal=\u00bbon\u00bb _builder_version=\u00bb4.16&#8243; _module_preset=\u00bbdefault\u00bb width=\u00bb100%\u00bb max_width=\u00bb1920px\u00bb min_height=\u00bb100%\u00bb height=\u00bb100%\u00bb max_height=\u00bb960px\u00bb custom_margin=\u00bb0px||0px||true|false\u00bb custom_padding=\u00bb0px||0px||true|\u00bb global_colors_info=\u00bb{}\u00bb][et_pb_column type=\u00bb1_2&#8243; _builder_version=\u00bb4.16&#8243; _module_preset=\u00bbdefault\u00bb custom_padding=\u00bb0px||0px||true|false\u00bb global_colors_info=\u00bb{}\u00bb][dnxte_mega_image_effect dnxtiep_image=\u00bbhttps:\/\/ricarte.mx\/inicio\/wp-content\/uploads\/2022\/10\/Boca21-Predial-ALUMBRADO-Emailing.jpg\u00bb dnxtiep_heading_text=\u00bbBOCA DEL R\u00cdO\u00bb dnxtiep_description=\u00bb<\/p>\n<p>Es una ciudad conurbada al puerto de veracruz, que cuenta con un gran desarrollo econ\u00f3mico y tur\u00edstico. Es el destino de vacaciones m\u00e1s importante del estado de veracruz, ya que cuenta con la mayor oferta de hoteles desde 2 hasta 5 estrellas, centro convenciones, una gran variedad de restaurantes en los que los visitantes pueden disfrutar de la gastronom\u00eda de veracruz.<\/p>\n<p>Es un municipio moderno con una gran infraestructura de servicios para ofrecer seguridad y calidad de vida a todos los ciudadanos. Por todo esto Boca del R\u00edo, es lo mejor de Veracruz.<\/p>\n<p>\u00bb dnxtiep_btn_show_hide=\u00bbon\u00bb dnxtiep_button_text=\u00bbVER PROYECTO\u00bb dnxtiep_button_link=\u00bbhttps:\/\/ricarte.mx\/inicio\/project\/polar-port\/\u00bb dnxtiep_btn_icon_color=\u00bb#FFFFFF\u00bb dnxtiep_image_hover_effect=\u00bbpush-left\u00bb dnxtiep_hover_bg_show_hide=\u00bbon\u00bb dnxtiep_hover_bg=\u00bb#0E4F83&#8243; dnxtiep_btn_bg_show_hide=\u00bbon\u00bb _builder_version=\u00bb4.18.1&#8243; _module_preset=\u00bbdefault\u00bb hover_text_fonts_font=\u00bbRoboto Condensed|700||on|||||\u00bb hover_text_fonts_font_size=\u00bb80px\u00bb dnxtiep_body_font=\u00bbTruenoLT||||||||\u00bb dnxtiep_body_text_color=\u00bb#FFFFFF\u00bb dnxtiep_body_font_size=\u00bb18px\u00bb dnxtiep_body_line_height=\u00bb2em\u00bb dnxtiep_btn_text_font=\u00bbRoboto Condensed|700||on|||||\u00bb max_height=\u00bb100%\u00bb custom_padding=\u00bb||0px|||\u00bb hover_text_fonts_font_size_tablet=\u00bb\u00bb hover_text_fonts_font_size_phone=\u00bb30px\u00bb hover_text_fonts_font_size_last_edited=\u00bbon|phone\u00bb dnxtiep_body_font_size_tablet=\u00bb\u00bb dnxtiep_body_font_size_phone=\u00bb12px\u00bb dnxtiep_body_font_size_last_edited=\u00bbon|phone\u00bb border_radii=\u00bbon|0px|0px|0px|0px\u00bb border_width_all=\u00bb0px\u00bb border_radii_button_border=\u00bbon|0px|0px|0px|0px\u00bb border_width_all_button_border=\u00bb0px\u00bb global_colors_info=\u00bb{}\u00bb][\/dnxte_mega_image_effect][\/et_pb_column][et_pb_column type=\u00bb1_2&#8243; _builder_version=\u00bb4.16&#8243; _module_preset=\u00bbdefault\u00bb custom_padding=\u00bb0px||0px||true|false\u00bb global_colors_info=\u00bb{}\u00bb][dnxte_mega_image_effect dnxtiep_image=\u00bbhttps:\/\/ricarte.mx\/inicio\/wp-content\/uploads\/2021\/08\/CAFIVER.png\u00bb dnxtiep_heading_text=\u00bbCAFIVER\u00bb dnxtiep_description=\u00bb<\/p>\n<p><span>Es una industrializadora y comercializadora de caf\u00e9 de capital mexicano privado que exporta a todo el mundo y cuenta con una fuerte presencia en nuestro pa\u00eds con sus marcas de caf\u00e9 tostado: CAFIVER house blend y Vivendi y de caf\u00e9 soluble; Continental y Negro caf\u00e9.<\/span><\/p>\n<p>\u00bb dnxtiep_btn_show_hide=\u00bbon\u00bb dnxtiep_button_text=\u00bbVER PROYECTO\u00bb dnxtiep_button_link=\u00bbhttps:\/\/ricarte.mx\/inicio\/project\/cafiver\/\u00bb dnxtiep_btn_icon_color=\u00bb#FFFFFF\u00bb dnxtiep_hover_bg_show_hide=\u00bbon\u00bb dnxtiep_hover_bg=\u00bb#cddd00&#8243; dnxtiep_btn_bg_show_hide=\u00bbon\u00bb dnxtiep_btn_bg_color=\u00bb#333333&#8243; _builder_version=\u00bb4.16&#8243; _module_preset=\u00bbdefault\u00bb hover_text_fonts_font=\u00bbRoboto Condensed|700||on|||||\u00bb hover_text_fonts_font_size=\u00bb80px\u00bb dnxtiep_body_font=\u00bbTruenoLT||||||||\u00bb dnxtiep_body_text_color=\u00bb#FFFFFF\u00bb dnxtiep_body_font_size=\u00bb18px\u00bb dnxtiep_body_line_height=\u00bb2em\u00bb dnxtiep_btn_text_font=\u00bbRoboto Condensed|700||on|||||\u00bb custom_margin=\u00bb||-20px|||\u00bb custom_padding=\u00bb||0px|||\u00bb hover_text_fonts_font_size_tablet=\u00bb\u00bb hover_text_fonts_font_size_phone=\u00bb30px\u00bb hover_text_fonts_font_size_last_edited=\u00bbon|phone\u00bb dnxtiep_body_font_size_tablet=\u00bb\u00bb dnxtiep_body_font_size_phone=\u00bb12px\u00bb dnxtiep_body_font_size_last_edited=\u00bbon|phone\u00bb border_width_all_button_border=\u00bb0px\u00bb global_colors_info=\u00bb{}\u00bb][\/dnxte_mega_image_effect][dnxte_mega_image_effect dnxtiep_image=\u00bbhttps:\/\/ricarte.mx\/inicio\/wp-content\/uploads\/2021\/08\/husky.png\u00bb dnxtiep_heading_text=\u00bbSwedish husky power\u00bb dnxtiep_description=\u00bb<\/p>\n<p><span>Nos especializamos en una gama de equipos de diversas lineas en continuo crecimiento. Contando siempre con precios econ\u00f3micos sin sacrificar calidad y dise\u00f1o, poniendo a su alcance equipos para bosque, jard\u00edn, bombeo y <\/span><span>trabajos agr\u00edcolas, como desmalezadoras, motosierras, motobombas, compresores, motores y generadores port\u00e1tiles.<\/span><\/p>\n<p>\u00bb dnxtiep_btn_show_hide=\u00bbon\u00bb dnxtiep_button_text=\u00bbVer proyecto\u00bb dnxtiep_button_link=\u00bbhttps:\/\/ricarte.mx\/inicio\/project\/husky-power\u00bb dnxtiep_btn_icon_color=\u00bb#FFFFFF\u00bb dnxtiep_image_hover_effect=\u00bbpush-right\u00bb dnxtiep_hover_bg_show_hide=\u00bbon\u00bb dnxtiep_hover_bg=\u00bb#db5b00&#8243; dnxtiep_btn_bg_show_hide=\u00bbon\u00bb dnxtiep_btn_bg_color=\u00bb#3d3d3d\u00bb _builder_version=\u00bb4.16&#8243; _module_preset=\u00bbdefault\u00bb hover_text_fonts_font=\u00bbRoboto Condensed|700||on|||||\u00bb hover_text_fonts_font_size=\u00bb80px\u00bb dnxtiep_body_font=\u00bbTruenoLT||||||||\u00bb dnxtiep_body_text_color=\u00bb#FFFFFF\u00bb dnxtiep_body_font_size=\u00bb18px\u00bb dnxtiep_body_line_height=\u00bb2em\u00bb dnxtiep_btn_text_font=\u00bbRoboto Condensed|700||on|||||\u00bb max_height=\u00bb100%\u00bb custom_padding=\u00bb0px||0px|||\u00bb hover_text_fonts_font_size_tablet=\u00bb\u00bb hover_text_fonts_font_size_phone=\u00bb30px\u00bb hover_text_fonts_font_size_last_edited=\u00bbon|phone\u00bb dnxtiep_body_font_size_tablet=\u00bb\u00bb dnxtiep_body_font_size_phone=\u00bb11px\u00bb dnxtiep_body_font_size_last_edited=\u00bbon|phone\u00bb border_radii_button_border=\u00bbon|0px|0px|0px|0px\u00bb border_width_all_button_border=\u00bb0px\u00bb global_colors_info=\u00bb{}\u00bb][\/dnxte_mega_image_effect][\/et_pb_column][\/et_pb_row][et_pb_row column_structure=\u00bb1_2,1_2&#8243; use_custom_gutter=\u00bbon\u00bb gutter_width=\u00bb1&#8243; make_equal=\u00bbon\u00bb _builder_version=\u00bb4.16&#8243; _module_preset=\u00bbdefault\u00bb width=\u00bb100%\u00bb max_width=\u00bb1920px\u00bb min_height=\u00bb100%\u00bb height=\u00bb100%\u00bb custom_margin=\u00bb0px||0px||true|false\u00bb custom_padding=\u00bb0px||0px||true|\u00bb locked=\u00bboff\u00bb global_colors_info=\u00bb{}\u00bb][et_pb_column type=\u00bb1_2&#8243; _builder_version=\u00bb4.16&#8243; _module_preset=\u00bbdefault\u00bb custom_padding=\u00bb0px||0px||true|false\u00bb global_colors_info=\u00bb{}\u00bb][dnxte_mega_image_effect dnxtiep_image=\u00bbhttps:\/\/ricarte.mx\/inicio\/wp-content\/uploads\/2021\/10\/Hyundai_CostaRica-Productos1.jpg\u00bb dnxtiep_heading_text=\u00bbHYUNDAI POWER PRODUCTS\u00bb dnxtiep_description=\u00bb<\/p>\n<p>Venta de Equipos y herramientas Hyundai por la red de distribuidores exclusivamente por World Korei Corporation.<\/p>\n<p>\u00bb dnxtiep_btn_show_hide=\u00bbon\u00bb dnxtiep_button_text=\u00bbVER PROYECTO\u00bb dnxtiep_button_link=\u00bbhttps:\/\/ricarte.mx\/inicio\/project\/hyundai\/\u00bb dnxtiep_btn_icon_color=\u00bb#FFFFFF\u00bb dnxtiep_hover_bg_show_hide=\u00bbon\u00bb dnxtiep_hover_bg=\u00bb#085993&#8243; dnxtiep_btn_bg_show_hide=\u00bbon\u00bb dnxtiep_btn_bg_color=\u00bb#333333&#8243; _builder_version=\u00bb4.16&#8243; _module_preset=\u00bbdefault\u00bb hover_text_fonts_font=\u00bbRoboto Condensed|700||on|||||\u00bb hover_text_fonts_font_size=\u00bb80px\u00bb dnxtiep_body_font=\u00bbTruenoLT||||||||\u00bb dnxtiep_body_text_color=\u00bb#FFFFFF\u00bb dnxtiep_body_font_size=\u00bb18px\u00bb dnxtiep_body_line_height=\u00bb2em\u00bb dnxtiep_btn_text_font=\u00bbRoboto Condensed|700||on|||||\u00bb custom_margin=\u00bb||-20px|||\u00bb custom_padding=\u00bb||0px|||\u00bb hover_text_fonts_font_size_tablet=\u00bb\u00bb hover_text_fonts_font_size_phone=\u00bb30px\u00bb hover_text_fonts_font_size_last_edited=\u00bbon|phone\u00bb dnxtiep_body_font_size_tablet=\u00bb\u00bb dnxtiep_body_font_size_phone=\u00bb12px\u00bb dnxtiep_body_font_size_last_edited=\u00bbon|phone\u00bb border_width_all_button_border=\u00bb0px\u00bb global_colors_info=\u00bb{}\u00bb][\/dnxte_mega_image_effect][dnxte_mega_image_effect dnxtiep_image=\u00bbhttps:\/\/ricarte.mx\/inicio\/wp-content\/uploads\/2021\/10\/PANDO18E.jpeg\u00bb dnxtiep_heading_text=\u00bbRAIKER\u00bb dnxtiep_description=\u00bb<\/p>\n<p>Empresa comercializadora de maquinaria agr\u00edcola, fumigaci\u00f3n, construcci\u00f3n, riego, taller e industria, accesorios y refacciones. Respaldados por marcas mundialmente rconocidas como Hyundai, Efco y Husky.<\/p>\n<p>\u00bb dnxtiep_btn_show_hide=\u00bbon\u00bb dnxtiep_button_text=\u00bbVer proyecto\u00bb dnxtiep_button_link=\u00bbhttps:\/\/ricarte.mx\/inicio\/project\/raiker\/\u00bb dnxtiep_btn_icon_color=\u00bb#FFFFFF\u00bb dnxtiep_image_hover_effect=\u00bbpush-right\u00bb dnxtiep_hover_bg_show_hide=\u00bbon\u00bb dnxtiep_hover_bg=\u00bb#63a70a\u00bb dnxtiep_btn_bg_show_hide=\u00bbon\u00bb dnxtiep_btn_bg_color=\u00bb#333333&#8243; _builder_version=\u00bb4.16&#8243; _module_preset=\u00bbdefault\u00bb hover_text_fonts_font=\u00bbRoboto Condensed|700||on|||||\u00bb hover_text_fonts_font_size=\u00bb80px\u00bb dnxtiep_body_font=\u00bbTruenoLT||||||||\u00bb dnxtiep_body_text_color=\u00bb#FFFFFF\u00bb dnxtiep_body_font_size=\u00bb18px\u00bb dnxtiep_body_line_height=\u00bb2em\u00bb dnxtiep_btn_text_font=\u00bbRoboto Condensed|700||on|||||\u00bb custom_margin=\u00bb||-20px|||\u00bb custom_padding=\u00bb||0px|||\u00bb hover_text_fonts_font_size_tablet=\u00bb\u00bb hover_text_fonts_font_size_phone=\u00bb30px\u00bb hover_text_fonts_font_size_last_edited=\u00bbon|phone\u00bb dnxtiep_body_font_size_tablet=\u00bb\u00bb dnxtiep_body_font_size_phone=\u00bb12px\u00bb dnxtiep_body_font_size_last_edited=\u00bbon|phone\u00bb border_width_all_button_border=\u00bb0px\u00bb global_colors_info=\u00bb{}\u00bb][\/dnxte_mega_image_effect][dnxte_mega_image_effect dnxtiep_image=\u00bbhttps:\/\/ricarte.mx\/inicio\/wp-content\/uploads\/2021\/10\/hijas.png\u00bb dnxtiep_heading_text=\u00bbHIJAS DEL ESP\u00cdRITU SANTO\u00bb dnxtiep_description=\u00bb<\/p>\n<p>Comunidad de Hijas del esp\u00edritu Santo de misi\u00f3n vocacional sacerdotal, con la finalidad de compartir un proyecto de fe y vida.<\/p>\n<p>\u00bb dnxtiep_btn_show_hide=\u00bbon\u00bb dnxtiep_button_text=\u00bbVer proyecto\u00bb dnxtiep_button_link=\u00bbhttps:\/\/ricarte.mx\/inicio\/project\/hdes\/\u00bb dnxtiep_btn_icon_color=\u00bb#FFFFFF\u00bb dnxtiep_image_hover_effect=\u00bbpush-right\u00bb dnxtiep_hover_bg_show_hide=\u00bbon\u00bb dnxtiep_hover_bg=\u00bb#750402&#8243; dnxtiep_btn_bg_show_hide=\u00bbon\u00bb dnxtiep_btn_bg_color=\u00bb#333333&#8243; _builder_version=\u00bb4.16&#8243; _module_preset=\u00bbdefault\u00bb hover_text_fonts_font=\u00bbRoboto Condensed|700||on|||||\u00bb hover_text_fonts_font_size=\u00bb80px\u00bb dnxtiep_body_font=\u00bbTruenoLT||||||||\u00bb dnxtiep_body_text_color=\u00bb#FFFFFF\u00bb dnxtiep_body_font_size=\u00bb18px\u00bb dnxtiep_body_line_height=\u00bb2em\u00bb dnxtiep_btn_text_font=\u00bbRoboto Condensed|700||on|||||\u00bb custom_margin=\u00bb||-20px|||\u00bb custom_padding=\u00bb||0px|||\u00bb hover_text_fonts_font_size_tablet=\u00bb\u00bb hover_text_fonts_font_size_phone=\u00bb30px\u00bb hover_text_fonts_font_size_last_edited=\u00bbon|phone\u00bb dnxtiep_body_font_size_tablet=\u00bb\u00bb dnxtiep_body_font_size_phone=\u00bb12px\u00bb dnxtiep_body_font_size_last_edited=\u00bbon|phone\u00bb border_width_all_button_border=\u00bb0px\u00bb global_colors_info=\u00bb{}\u00bb][\/dnxte_mega_image_effect][dnxte_mega_image_effect dnxtiep_image=\u00bbhttps:\/\/ricarte.mx\/inicio\/wp-content\/uploads\/2022\/10\/JJ-Etapa2-C-Generico-concepto.jpg\u00bb dnxtiep_heading_text=\u00bbJALAMOS JUNTOS\u00bb dnxtiep_description=\u00bb<\/p>\n<p><b>Jalamos Juntos es <\/b>programa participativo de diferentes sectores de la ciudad de C\u00f3rdoba, para generar una comunidad local, fuerte y unida, as\u00ed como para alentar el animo social y promover el orgullo.<\/p>\n<p>Jalar juntos significa unirse para hacer que las cosas sucedan, sumar los esfuerzos de todos y dirigirnos en la misma direcci\u00f3n.<\/p>\n<p>El programa es una iniciativa del sector empresarial a cargo de una junta directiva, integrado por  las principales empresas de la ciudad con sensibilidad social.<\/p>\n<p>\u00bb dnxtiep_btn_show_hide=\u00bbon\u00bb dnxtiep_button_text=\u00bbVer proyecto\u00bb dnxtiep_button_link=\u00bbhttps:\/\/ricarte.mx\/inicio\/project\/plaza-santa-ana\u00bb dnxtiep_btn_icon_color=\u00bb#FFFFFF\u00bb dnxtiep_image_hover_effect=\u00bbpush-left\u00bb dnxtiep_hover_bg_show_hide=\u00bbon\u00bb dnxtiep_hover_bg=\u00bb#E09900&#8243; dnxtiep_btn_bg_show_hide=\u00bbon\u00bb dnxtiep_btn_bg_color=\u00bb#333333&#8243; _builder_version=\u00bb4.18.1&#8243; _module_preset=\u00bbdefault\u00bb hover_text_fonts_font=\u00bbRoboto Condensed|700||on|||||\u00bb hover_text_fonts_font_size=\u00bb80px\u00bb dnxtiep_body_font=\u00bbTruenoLT||||||||\u00bb dnxtiep_body_text_color=\u00bb#FFFFFF\u00bb dnxtiep_body_font_size=\u00bb18px\u00bb dnxtiep_body_line_height=\u00bb2em\u00bb dnxtiep_btn_text_font=\u00bbRoboto Condensed|700||on|||||\u00bb custom_margin=\u00bb||-20px|||\u00bb custom_padding=\u00bb||0px|||\u00bb hover_text_fonts_font_size_tablet=\u00bb\u00bb hover_text_fonts_font_size_phone=\u00bb30px\u00bb hover_text_fonts_font_size_last_edited=\u00bbon|phone\u00bb dnxtiep_body_font_size_tablet=\u00bb\u00bb dnxtiep_body_font_size_phone=\u00bb12px\u00bb dnxtiep_body_font_size_last_edited=\u00bbon|phone\u00bb border_width_all_button_border=\u00bb0px\u00bb global_colors_info=\u00bb{}\u00bb][\/dnxte_mega_image_effect][\/et_pb_column][et_pb_column type=\u00bb1_2&#8243; _builder_version=\u00bb4.16&#8243; _module_preset=\u00bbdefault\u00bb custom_padding=\u00bb0px||0px||true|false\u00bb global_colors_info=\u00bb{}\u00bb][dnxte_mega_image_effect dnxtiep_image=\u00bbhttps:\/\/ricarte.mx\/inicio\/wp-content\/uploads\/2021\/10\/EFCO21_Instituc-Emailing.jpg\u00bb dnxtiep_heading_text=\u00bbEFCO power equipment\u00bb dnxtiep_description=\u00bb<\/p>\n<p>Marca italiana de Maquinas y herramientas para manejo pesado. Red de distribuidores exclusivamente por World Korei Corporation.<\/p>\n<p>Emak, es el fabricante de Efco Power Equipment, el cual tiene su sede en el norte de Italia, \u00e1rea conocida por si ingenier\u00eda avanzada.<\/p>\n<p>Su excelente ingenier\u00eda se muestra en sus motores de alto rendimiento, estableciendo a Emak como uno de los mayores fabricantes mundiales en el negocio de equipos el\u00e9ctricos para exteriores.<\/p>\n<p>\u00bb dnxtiep_btn_show_hide=\u00bbon\u00bb dnxtiep_button_text=\u00bbVER PROYECTO\u00bb dnxtiep_button_link=\u00bbhttps:\/\/ricarte.mx\/inicio\/project\/efco-equipment\/\u00bb dnxtiep_btn_icon_color=\u00bb#FFFFFF\u00bb dnxtiep_image_hover_effect=\u00bbpush-left\u00bb dnxtiep_hover_bg_show_hide=\u00bbon\u00bb dnxtiep_hover_bg=\u00bb#E02B20&#8243; dnxtiep_btn_bg_show_hide=\u00bbon\u00bb dnxtiep_btn_bg_color=\u00bb#333333&#8243; _builder_version=\u00bb4.16&#8243; _module_preset=\u00bbdefault\u00bb hover_text_fonts_font=\u00bbRoboto Condensed|700||on|||||\u00bb hover_text_fonts_font_size=\u00bb80px\u00bb dnxtiep_body_font=\u00bbTruenoLT||||||||\u00bb dnxtiep_body_text_color=\u00bb#FFFFFF\u00bb dnxtiep_body_font_size=\u00bb18px\u00bb dnxtiep_body_line_height=\u00bb2em\u00bb dnxtiep_btn_text_font=\u00bbRoboto Condensed|700||on|||||\u00bb custom_margin=\u00bb||-20px|||\u00bb custom_padding=\u00bb||0px|||\u00bb hover_text_fonts_font_size_tablet=\u00bb\u00bb hover_text_fonts_font_size_phone=\u00bb30px\u00bb hover_text_fonts_font_size_last_edited=\u00bbon|phone\u00bb dnxtiep_body_font_size_tablet=\u00bb\u00bb dnxtiep_body_font_size_phone=\u00bb12px\u00bb dnxtiep_body_font_size_last_edited=\u00bbon|phone\u00bb border_width_all=\u00bb0px\u00bb border_width_all_button_border=\u00bb0px\u00bb global_colors_info=\u00bb{}\u00bb][\/dnxte_mega_image_effect][dnxte_mega_image_effect dnxtiep_image=\u00bbhttps:\/\/ricarte.mx\/inicio\/wp-content\/uploads\/2022\/10\/Imagen-de-WhatsApp-2022s-10-31-a-las-16.49.08.jpg\u00bb dnxtiep_heading_text=\u00bbDALFIORI\u00bb dnxtiep_description=\u00bb<\/p>\n<p>Es una f\u00e1brica de t\u00e9xtiles especializada en blancos, la cual se encuentra ubicada en la ciudad de c\u00f3rdoba. Cuenta con una gran variedad de productos de alta calidad los cuales se comercializan a nivel nacional en las principales tiendas departamentales como palacio de Hierro y Liverpool as\u00ed como en venta online a travez de su sitio web y marketplaces.<\/p>\n<p>\u00bb dnxtiep_btn_show_hide=\u00bbon\u00bb dnxtiep_button_text=\u00bbVer proyecto\u00bb dnxtiep_button_link=\u00bbhttps:\/\/ricarte.mx\/inicio\/project\/mas-latina\/\u00bb dnxtiep_btn_icon_color=\u00bb#FFFFFF\u00bb dnxtiep_hover_bg_show_hide=\u00bbon\u00bb dnxtiep_hover_bg=\u00bb#09c639&#8243; dnxtiep_btn_bg_show_hide=\u00bbon\u00bb dnxtiep_btn_bg_color=\u00bb#333333&#8243; _builder_version=\u00bb4.18.1&#8243; _module_preset=\u00bbdefault\u00bb hover_text_fonts_font=\u00bbRoboto Condensed|700||on|||||\u00bb hover_text_fonts_font_size=\u00bb80px\u00bb dnxtiep_body_font=\u00bbTruenoLT||||||||\u00bb dnxtiep_body_text_color=\u00bb#FFFFFF\u00bb dnxtiep_body_font_size=\u00bb18px\u00bb dnxtiep_body_line_height=\u00bb2em\u00bb dnxtiep_btn_text_font=\u00bbRoboto Condensed|700||on|||||\u00bb custom_margin=\u00bb||-20px|||\u00bb custom_padding=\u00bb||0px|||\u00bb hover_text_fonts_font_size_tablet=\u00bb\u00bb hover_text_fonts_font_size_phone=\u00bb30px\u00bb hover_text_fonts_font_size_last_edited=\u00bbon|phone\u00bb dnxtiep_body_font_size_tablet=\u00bb\u00bb dnxtiep_body_font_size_phone=\u00bb12px\u00bb dnxtiep_body_font_size_last_edited=\u00bbon|phone\u00bb border_width_all_button_border=\u00bb0px\u00bb locked=\u00bboff\u00bb global_colors_info=\u00bb{}\u00bb][\/dnxte_mega_image_effect][dnxte_mega_image_effect dnxtiep_image=\u00bbhttps:\/\/ricarte.mx\/inicio\/wp-content\/uploads\/2021\/10\/imagen.jpg\u00bb dnxtiep_heading_text=\u00bbSUPER 2000&#8243; dnxtiep_description=\u00bb<\/p>\n<p>Primera tienda de autoservicio en Martinez de la Torre denominada Super 2000, pionera en la regi\u00f3n, al contar con tecnolog\u00eda de punto de venta, la cual se posiciono r\u00e1pidamente en la preferencia del mercado local por servicio, variedad, calidad y precios bajos.<\/p>\n<p>\u00bb dnxtiep_btn_show_hide=\u00bbon\u00bb dnxtiep_button_text=\u00bbVer proyecto\u00bb dnxtiep_button_link=\u00bbhttps:\/\/ricarte.mx\/inicio\/project\/super-2000\/\u00bb dnxtiep_btn_icon_color=\u00bb#FFFFFF\u00bb dnxtiep_image_hover_effect=\u00bbpush-down\u00bb dnxtiep_hover_bg_show_hide=\u00bbon\u00bb dnxtiep_hover_bg=\u00bb#5ad100&#8243; dnxtiep_btn_bg_show_hide=\u00bbon\u00bb dnxtiep_btn_bg_color=\u00bb#333333&#8243; _builder_version=\u00bb4.16&#8243; _module_preset=\u00bbdefault\u00bb hover_text_fonts_font=\u00bbRoboto Condensed|700||on|||||\u00bb hover_text_fonts_font_size=\u00bb80px\u00bb dnxtiep_body_font=\u00bbTruenoLT||||||||\u00bb dnxtiep_body_text_color=\u00bb#FFFFFF\u00bb dnxtiep_body_font_size=\u00bb18px\u00bb dnxtiep_body_line_height=\u00bb2em\u00bb dnxtiep_btn_text_font=\u00bbRoboto Condensed|700||on|||||\u00bb custom_margin=\u00bb||-20px|||\u00bb custom_padding=\u00bb||0px|||\u00bb hover_text_fonts_font_size_tablet=\u00bb\u00bb hover_text_fonts_font_size_phone=\u00bb30px\u00bb hover_text_fonts_font_size_last_edited=\u00bbon|phone\u00bb dnxtiep_body_font_size_tablet=\u00bb\u00bb dnxtiep_body_font_size_phone=\u00bb12px\u00bb dnxtiep_body_font_size_last_edited=\u00bbon|phone\u00bb border_width_all_button_border=\u00bb0px\u00bb locked=\u00bboff\u00bb global_colors_info=\u00bb{}\u00bb][\/dnxte_mega_image_effect][dnxte_mega_image_effect dnxtiep_image=\u00bbhttps:\/\/ricarte.mx\/inicio\/wp-content\/uploads\/2022\/10\/SEPSA15-Generico-Cartelera12x8.jpg\u00bb dnxtiep_heading_text=\u00bbSEPSA\u00bb dnxtiep_description=\u00bb<\/p>\n<p>SEPSA es una empresa establecida en el puerto de Veracruz y fue concebida con el prop\u00f3sito de convertirse en una terminal portuaria altamente especializada en el manejo de minerales a granel y productos met\u00e1licos eso optimiza eficientemente las maniobras de descarga y almacenamiento dentro del Puerto de Veracruz.<\/p>\n<p>\u00bb dnxtiep_btn_show_hide=\u00bbon\u00bb dnxtiep_button_text=\u00bbVer proyecto\u00bb dnxtiep_button_link=\u00bbhttps:\/\/ricarte.mx\/inicio\/project\/sepsa\/\u00bb dnxtiep_btn_icon_color=\u00bb#FFFFFF\u00bb dnxtiep_image_hover_effect=\u00bbpush-left\u00bb dnxtiep_hover_bg_show_hide=\u00bbon\u00bb dnxtiep_hover_bg=\u00bb#5ad100&#8243; dnxtiep_btn_bg_show_hide=\u00bbon\u00bb dnxtiep_btn_bg_color=\u00bb#333333&#8243; _builder_version=\u00bb4.18.1&#8243; _module_preset=\u00bbdefault\u00bb hover_text_fonts_font=\u00bbRoboto Condensed|700||on|||||\u00bb hover_text_fonts_font_size=\u00bb80px\u00bb dnxtiep_body_font=\u00bbTruenoLT||||||||\u00bb dnxtiep_body_text_color=\u00bb#FFFFFF\u00bb dnxtiep_body_font_size=\u00bb18px\u00bb dnxtiep_body_line_height=\u00bb2em\u00bb dnxtiep_btn_text_font=\u00bbRoboto Condensed|700||on|||||\u00bb custom_margin=\u00bb||-20px|||\u00bb custom_padding=\u00bb||0px|||\u00bb hover_enabled=\u00bb0&#8243; hover_text_fonts_font_size_tablet=\u00bb\u00bb hover_text_fonts_font_size_phone=\u00bb30px\u00bb hover_text_fonts_font_size_last_edited=\u00bbon|phone\u00bb dnxtiep_body_font_size_tablet=\u00bb\u00bb dnxtiep_body_font_size_phone=\u00bb12px\u00bb dnxtiep_body_font_size_last_edited=\u00bbon|phone\u00bb border_width_all_button_border=\u00bb0px\u00bb locked=\u00bboff\u00bb global_colors_info=\u00bb{}\u00bb title_text=\u00bbSEPSA15-Generico-Cartelera(12&#215;8)\u00bb sticky_enabled=\u00bb0&#8243;][\/dnxte_mega_image_effect][\/et_pb_column][\/et_pb_row][\/et_pb_section]<\/p>\n","protected":false},"excerpt":{"rendered":"<div class=\"et_pb_module dnxte_mega_image_effect dnxte_mega_image_effect_0\">\n\t\t\t\t\n\t\t\t\t\n\t\t\t\t\n\t\t\t\t\n\t\t\t\t\n\t\t\t\t\n\t\t\t\t<div class=\"et_pb_module_inner\">\n\t\t\t\t\t<figure class=\"imghvr-push-up dnxtiep-imghvr-wrapper\">\r\n\t\t\t\t<img decoding=\"async\" src=\"\" alt=\"\" class=\"et_multi_view_hidden_image\" \/>\r\n\t\t\t\t<figcaption class=\"  dnxtiep-imghvr-content\">\r\n\t\t\t\t\t<h2 class=\"dnxtiep-heading\">\u00bbBOCA<\/h2>\r\n\t\t\t\t\t<div class=\"dnxtiep-description\">\u00bbEs<\/div>\n\r\n\t\t\t\t\t\r\n\t\t\t\t<\/figcaption>\r\n\t\t\t<\/figure>\n\t\t\t\t<\/div>\n\t\t\t<\/div>\n","protected":false},"author":2,"featured_media":0,"parent":0,"menu_order":0,"comment_status":"closed","ping_status":"closed","template":"","meta":{"_et_pb_use_builder":"on","_et_pb_old_content":"","_et_gb_content_width":"","footnotes":""},"class_list":["post-335501","page","type-page","status-publish","hentry"],"_links":{"self":[{"href":"https:\/\/ricarte.mx\/inicio\/wp-json\/wp\/v2\/pages\/335501","targetHints":{"allow":["GET"]}}],"collection":[{"href":"https:\/\/ricarte.mx\/inicio\/wp-json\/wp\/v2\/pages"}],"about":[{"href":"https:\/\/ricarte.mx\/inicio\/wp-json\/wp\/v2\/types\/page"}],"author":[{"embeddable":true,"href":"https:\/\/ricarte.mx\/inicio\/wp-json\/wp\/v2\/users\/2"}],"replies":[{"embeddable":true,"href":"https:\/\/ricarte.mx\/inicio\/wp-json\/wp\/v2\/comments?post=335501"}],"version-history":[{"count":0,"href":"https:\/\/ricarte.mx\/inicio\/wp-json\/wp\/v2\/pages\/335501\/revisions"}],"wp:attachment":[{"href":"https:\/\/ricarte.mx\/inicio\/wp-json\/wp\/v2\/media?parent=335501"}],"curies":[{"name":"wp","href":"https:\/\/api.w.org\/{rel}","templated":true}]}}